{"id":4705,"date":"2016-02-19T16:54:22","date_gmt":"2016-02-19T15:54:22","guid":{"rendered":"https:\/\/www.russmedia.com\/en\/soziales-engagement\/"},"modified":"2018-08-29T08:00:33","modified_gmt":"2018-08-29T06:00:33","slug":"social-responsibility","status":"publish","type":"page","link":"https:\/\/www.russmedia.com\/en\/social-responsibility\/","title":{"rendered":"Social responsibility"},"content":{"rendered":"<p>People always stand at the center of Russmedia. For many years the company has cared for people in in need of help through a range of social commitments.<\/p>\n<p><strong>\u201eMa hilft\u201c<\/strong><\/p>\n<p>With the help of donations from readers, the \u201cVorarlberger Nachrichten\u201d offer quick and non-bureaucratic support to people who ran into financial distress through no fault of their own, or have been harmed by natural disasters, since 1979. The heart of all activities is Marlies B\u00f6hler (picture), who is in direct contacts with those persons and families.<\/p>\n<p><img decoding=\"async\" class=\"alignnone wp-image-3056\" src=\"https:\/\/www.russmedia.com\/wp-content\/uploads\/2016\/03\/Sozialaktion_Ma-hilft1.jpg\" alt=\"Sozialaktion_Ma-hilft1\" width=\"640\" height=\"444\" \/><\/p>\n<p><strong>\u201eWANN &amp; WO hilft\u201c<\/strong><\/p>\n<p>The weekly paper WANN &amp; WO cares about children and families. \u201cWANN &amp; WO helps\u201d provides support for poor or handicapped children with the help of readers\u2019 donations.<\/p>\n<p><img decoding=\"async\" class=\" wp-image-4140\" src=\"https:\/\/www.russmedia.com\/wp-content\/uploads\/2016\/02\/Sozialaktion_Ma-hilft-2.jpg\" alt=\"Fotos f\u00fcr Sammelaktion zum Schulstart Ma hilft. Unsere Patin Marlies M\u00fcller ist da und vier Sch\u00fcler.\" width=\"640\" height=\"431\" \/><\/p>\n<p><strong>Dr.-Toni- Russ-Price<\/strong><\/p>\n<p>In memory of Toni Russ \u2013 the former publisher and editor-in-chief of the Vorarlberger Nachrichten who died in 1969 \u2013 the Dr. Toni Russ prize has been every year since 1970. The price dignifies exceptional and commendable contributions to the common good.<\/p>\n<p><img decoding=\"async\" class=\"alignnone wp-image-4141\" src=\"https:\/\/www.russmedia.com\/wp-content\/uploads\/2016\/02\/1969_Russpreis-1.jpg\" alt=\"1969_Russpreis\" width=\"640\" height=\"552\" \/><\/p>\n<p><strong>Hungary and Romania: \u201eSeg\u00edt\u00fcnk \u2013 we help\u201c<\/strong><\/p>\n<p>The Russmedia newspapers in Hungary and Romania also support important social engagement projects. \u201cSeg\u00edt\u00fcnk\u201d means \u201cwe help\u201d and runs long-term projects as well as ad-hoc initiatives, such as recovery effots following natural discasters. The recurring initiatives are mainly centered around children. At Christmas, the company collects food and toys for poorer families and orphanages. Critically ill or handicapped children can receive financial support, collected through concerts and similar events.<\/p>\n<p><img decoding=\"async\" class=\"alignnone wp-image-4510\" src=\"https:\/\/www.russmedia.com\/wp-content\/uploads\/2016\/02\/Segitunk-wir-helfen2.jpg\" alt=\"Segitunk-wir-helfen2\" width=\"635\" height=\"546\" \/><\/p>\n","protected":false},"excerpt":{"rendered":"<p>People always stand at the center of Russmedia. For many years the company has cared for people in in need of help through a range of social commitments. \u201eMa hilft\u201c With the help of donations from readers, the \u201cVorarlberger Nachrichten\u201d offer quick and non-bureaucratic support to people who ran into financial distress through no fault [&hellip;]<\/p>\n","protected":false},"author":1,"featured_media":4140,"parent":0,"menu_order":0,"comment_status":"closed","ping_status":"closed","template":"","meta":{"_acf_changed":false,"footnotes":"","_links_to":"","_links_to_target":""},"class_list":["post-4705","page","type-page","status-publish","has-post-thumbnail","hentry"],"acf":[],"_links":{"self":[{"href":"https:\/\/www.russmedia.com\/en\/wp-json\/wp\/v2\/pages\/4705","targetHints":{"allow":["GET"]}}],"collection":[{"href":"https:\/\/www.russmedia.com\/en\/wp-json\/wp\/v2\/pages"}],"about":[{"href":"https:\/\/www.russmedia.com\/en\/wp-json\/wp\/v2\/types\/page"}],"author":[{"embeddable":true,"href":"https:\/\/www.russmedia.com\/en\/wp-json\/wp\/v2\/users\/1"}],"replies":[{"embeddable":true,"href":"https:\/\/www.russmedia.com\/en\/wp-json\/wp\/v2\/comments?post=4705"}],"version-history":[{"count":5,"href":"https:\/\/www.russmedia.com\/en\/wp-json\/wp\/v2\/pages\/4705\/revisions"}],"predecessor-version":[{"id":17097,"href":"https:\/\/www.russmedia.com\/en\/wp-json\/wp\/v2\/pages\/4705\/revisions\/17097"}],"wp:featuredmedia":[{"embeddable":true,"href":"https:\/\/www.russmedia.com\/en\/wp-json\/wp\/v2\/media\/4140"}],"wp:attachment":[{"href":"https:\/\/www.russmedia.com\/en\/wp-json\/wp\/v2\/media?parent=4705"}],"curies":[{"name":"wp","href":"https:\/\/api.w.org\/{rel}","templated":true}]}}